{"id":989,"date":"2023-09-26T13:35:24","date_gmt":"2023-09-26T10:35:24","guid":{"rendered":"https:\/\/hemlogistic.uudetnettisivut.fi\/?page_id=989"},"modified":"2023-09-26T17:08:17","modified_gmt":"2023-09-26T14:08:17","slug":"tietoa-meista","status":"publish","type":"page","link":"https:\/\/hemlogistic.uudetnettisivut.fi\/?page_id=989","title":{"rendered":"Tietoa meist\u00e4"},"content":{"rendered":"\t\t<div data-elementor-type=\"wp-page\" data-elementor-id=\"989\" class=\"elementor elementor-989\" data-elementor-post-type=\"page\">\n\t\t\t\t\t\t\t<div class=\"elementor-element elementor-element-7b785ef e-flex e-con-boxed e-con\" data-id=\"7b785ef\" data-element_type=\"container\" data-settings=\"{&quot;jet_parallax_layout_list&quot;:[],&quot;content_width&quot;:&quot;boxed&quot;}\">\n\t\t\t\t\t<div class=\"e-con-inner\">\n\t\t<div class=\"elementor-element elementor-element-e7866f1 e-con-full e-flex e-con\" data-id=\"e7866f1\" data-element_type=\"container\" data-settings=\"{&quot;content_width&quot;:&quot;full&quot;,&quot;jet_parallax_layout_list&quot;:[]}\">\n\t\t\t\t<div class=\"elementor-element elementor-element-a53a9a7 elementor-widget elementor-widget-heading\" data-id=\"a53a9a7\" data-element_type=\"widget\" data-widget_type=\"heading.default\">\n\t\t\t\t<div class=\"elementor-widget-container\">\n\t\t\t<style>\/*! elementor - v3.15.0 - 20-08-2023 *\/\n.elementor-heading-title{padding:0;margin:0;line-height:1}.elementor-widget-heading .elementor-heading-title[class*=elementor-size-]>a{color:inherit;font-size:inherit;line-height:inherit}.elementor-widget-heading .elementor-heading-title.elementor-size-small{font-size:15px}.elementor-widget-heading .elementor-heading-title.elementor-size-medium{font-size:19px}.elementor-widget-heading .elementor-heading-title.elementor-size-large{font-size:29px}.elementor-widget-heading .elementor-heading-title.elementor-size-xl{font-size:39px}.elementor-widget-heading .elementor-heading-title.elementor-size-xxl{font-size:59px}<\/style><h1 class=\"elementor-heading-title elementor-size-default\">Tietoa meist\u00e4<\/h1>\t\t<\/div>\n\t\t\t\t<\/div>\n\t\t\t\t<div class=\"elementor-element elementor-element-d107912 elementor-widget elementor-widget-text-editor\" data-id=\"d107912\" data-element_type=\"widget\" data-widget_type=\"text-editor.default\">\n\t\t\t\t<div class=\"elementor-widget-container\">\n\t\t\t<style>\/*! elementor - v3.15.0 - 20-08-2023 *\/\n.elementor-widget-text-editor.elementor-drop-cap-view-stacked .elementor-drop-cap{background-color:#69727d;color:#fff}.elementor-widget-text-editor.elementor-drop-cap-view-framed .elementor-drop-cap{color:#69727d;border:3px solid;background-color:transparent}.elementor-widget-text-editor:not(.elementor-drop-cap-view-default) .elementor-drop-cap{margin-top:8px}.elementor-widget-text-editor:not(.elementor-drop-cap-view-default) .elementor-drop-cap-letter{width:1em;height:1em}.elementor-widget-text-editor .elementor-drop-cap{float:left;text-align:center;line-height:1;font-size:50px}.elementor-widget-text-editor .elementor-drop-cap-letter{display:inline-block}<\/style>\t\t\t\t<p>Olemme Uudellamaalla toimiva logistiikka-alan ammattilaisista koostuva yritys, joka on toiminut vuodesta 2020 l\u00e4htien.<\/p>\t\t\t\t\t\t<\/div>\n\t\t\t\t<\/div>\n\t\t<div class=\"elementor-element elementor-element-5686375 e-con-full e-flex e-con\" data-id=\"5686375\" data-element_type=\"container\" data-settings=\"{&quot;content_width&quot;:&quot;full&quot;,&quot;jet_parallax_layout_list&quot;:[],&quot;background_background&quot;:&quot;classic&quot;}\">\n\t\t\t\t<div class=\"elementor-element elementor-element-d1fd918 elementor-mobile-align-center elementor-icon-list--layout-traditional elementor-list-item-link-full_width elementor-widget elementor-widget-icon-list\" data-id=\"d1fd918\" data-element_type=\"widget\" data-widget_type=\"icon-list.default\">\n\t\t\t\t<div class=\"elementor-widget-container\">\n\t\t\t<link rel=\"stylesheet\" href=\"https:\/\/hemlogistic.uudetnettisivut.fi\/wp-content\/uploads\/elementor\/css\/custom-widget-icon-list.min.css?ver=1695694884\">\t\t<ul class=\"elementor-icon-list-items\">\n\t\t\t\t\t\t\t<li class=\"elementor-icon-list-item\">\n\t\t\t\t\t\t\t\t\t\t\t<span class=\"elementor-icon-list-icon\">\n\t\t\t\t\t\t\t<i aria-hidden=\"true\" class=\"fas fa-truck-moving\"><\/i>\t\t\t\t\t\t<\/span>\n\t\t\t\t\t\t\t\t\t\t<span class=\"elementor-icon-list-text\">Toimitusvarmuus<\/span>\n\t\t\t\t\t\t\t\t\t<\/li>\n\t\t\t\t\t\t<\/ul>\n\t\t\t\t<\/div>\n\t\t\t\t<\/div>\n\t\t\t\t<div class=\"elementor-element elementor-element-acdcfae elementor-widget elementor-widget-text-editor\" data-id=\"acdcfae\" data-element_type=\"widget\" data-widget_type=\"text-editor.default\">\n\t\t\t\t<div class=\"elementor-widget-container\">\n\t\t\t\t\t\t\t<p>Tied\u00e4mme, ett\u00e4 asiakkaamme luottavat meihin toimittamaan heid\u00e4n tuotteitaan ajallaan. Toimitusvarmuus on meille kunnia-asia, ja teemme kaikkemme varmistaaksemme, ett\u00e4 lupauksemme pit\u00e4v\u00e4t. T\u00e4m\u00e4 tarkoittaa tarkkaa suunnittelua, tehokasta tuotantoa ja huolellista logistiikkaa, jotta voimme t\u00e4ytt\u00e4\u00e4 sinun odotukset joka kerta.<\/p>\t\t\t\t\t\t<\/div>\n\t\t\t\t<\/div>\n\t\t\t\t<div class=\"elementor-element elementor-element-16c29c3 elementor-mobile-align-center elementor-icon-list--layout-traditional elementor-list-item-link-full_width elementor-widget elementor-widget-icon-list\" data-id=\"16c29c3\" data-element_type=\"widget\" data-widget_type=\"icon-list.default\">\n\t\t\t\t<div class=\"elementor-widget-container\">\n\t\t\t\t\t<ul class=\"elementor-icon-list-items\">\n\t\t\t\t\t\t\t<li class=\"elementor-icon-list-item\">\n\t\t\t\t\t\t\t\t\t\t\t<span class=\"elementor-icon-list-icon\">\n\t\t\t\t\t\t\t<i aria-hidden=\"true\" class=\"far fa-comments\"><\/i>\t\t\t\t\t\t<\/span>\n\t\t\t\t\t\t\t\t\t\t<span class=\"elementor-icon-list-text\">Asiakasl\u00e4ht\u00f6isyys<\/span>\n\t\t\t\t\t\t\t\t\t<\/li>\n\t\t\t\t\t\t<\/ul>\n\t\t\t\t<\/div>\n\t\t\t\t<\/div>\n\t\t\t\t<div class=\"elementor-element elementor-element-f847f16 elementor-widget elementor-widget-text-editor\" data-id=\"f847f16\" data-element_type=\"widget\" data-widget_type=\"text-editor.default\">\n\t\t\t\t<div class=\"elementor-widget-container\">\n\t\t\t\t\t\t\t<p>Asiakkaamme ovat liiketoimintamme syd\u00e4n. Kuuntelemme sinun tarpeitasi ja pyrimme ymm\u00e4rt\u00e4m\u00e4\u00e4n sinun ainutlaatuisia vaatimuksiasi. Jokainen p\u00e4\u00e4t\u00f6s, joka tehd\u00e4\u00e4n yrityksess\u00e4mme, tehd\u00e4\u00e4n asiakkaan parhaan edun mukaisesti. Haluamme tarjota sinulle ratkaisuja, jotka auttavat sinua menestym\u00e4\u00e4n.<\/p>\t\t\t\t\t\t<\/div>\n\t\t\t\t<\/div>\n\t\t\t\t<div class=\"elementor-element elementor-element-deecc7a elementor-mobile-align-center elementor-icon-list--layout-traditional elementor-list-item-link-full_width elementor-widget elementor-widget-icon-list\" data-id=\"deecc7a\" data-element_type=\"widget\" data-widget_type=\"icon-list.default\">\n\t\t\t\t<div class=\"elementor-widget-container\">\n\t\t\t\t\t<ul class=\"elementor-icon-list-items\">\n\t\t\t\t\t\t\t<li class=\"elementor-icon-list-item\">\n\t\t\t\t\t\t\t\t\t\t\t<span class=\"elementor-icon-list-icon\">\n\t\t\t\t\t\t\t<i aria-hidden=\"true\" class=\"fas fa-user-lock\"><\/i>\t\t\t\t\t\t<\/span>\n\t\t\t\t\t\t\t\t\t\t<span class=\"elementor-icon-list-text\">Luotettavuus<\/span>\n\t\t\t\t\t\t\t\t\t<\/li>\n\t\t\t\t\t\t<\/ul>\n\t\t\t\t<\/div>\n\t\t\t\t<\/div>\n\t\t\t\t<div class=\"elementor-element elementor-element-247f917 elementor-widget elementor-widget-text-editor\" data-id=\"247f917\" data-element_type=\"widget\" data-widget_type=\"text-editor.default\">\n\t\t\t\t<div class=\"elementor-widget-container\">\n\t\t\t\t\t\t\t<p>\u00a0Luotettavuus on kulmakivemme, joka rakentaa vahvan suhteen asiakkaisiimme. Pid\u00e4mme lupauksemme, noudatamme sovittuja aikatauluja ja tarjoamme tuotteita ja palveluita, jotka t\u00e4ytt\u00e4v\u00e4t korkeimmat laatuvaatimukset. Haluamme olla yritys, johon voit luottaa.<\/p>\t\t\t\t\t\t<\/div>\n\t\t\t\t<\/div>\n\t\t\t\t<div class=\"elementor-element elementor-element-8ea0d8b elementor-mobile-align-center elementor-widget elementor-widget-button\" data-id=\"8ea0d8b\" data-element_type=\"widget\" data-widget_type=\"button.default\">\n\t\t\t\t<div class=\"elementor-widget-container\">\n\t\t\t\t\t<div class=\"elementor-button-wrapper\">\n\t\t\t<a class=\"elementor-button elementor-button-link elementor-size-sm\" href=\"https:\/\/hemlogistic.uudetnettisivut.fi\/?page_id=889\">\n\t\t\t\t\t\t<span class=\"elementor-button-content-wrapper\">\n\t\t\t\t\t\t<span class=\"elementor-button-text\">Ota yhteytt\u00e4<\/span>\n\t\t<\/span>\n\t\t\t\t\t<\/a>\n\t\t<\/div>\n\t\t\t\t<\/div>\n\t\t\t\t<\/div>\n\t\t\t\t<\/div>\n\t\t\t\t<\/div>\n\t\t<div class=\"elementor-element elementor-element-b5db852 e-con-full e-flex e-con\" data-id=\"b5db852\" data-element_type=\"container\" data-settings=\"{&quot;content_width&quot;:&quot;full&quot;,&quot;background_background&quot;:&quot;classic&quot;,&quot;jet_parallax_layout_list&quot;:[]}\">\n\t\t\t\t<\/div>\n\t\t\t\t\t<\/div>\n\t\t\t\t<\/div>\n\t\t<div class=\"elementor-element elementor-element-7fa1377 e-flex e-con-boxed e-con\" data-id=\"7fa1377\" data-element_type=\"container\" data-settings=\"{&quot;background_background&quot;:&quot;classic&quot;,&quot;jet_parallax_layout_list&quot;:[],&quot;content_width&quot;:&quot;boxed&quot;}\">\n\t\t\t\t\t<div class=\"e-con-inner\">\n\t\t<div class=\"elementor-element elementor-element-27c7cc8 e-con-full e-flex e-con\" data-id=\"27c7cc8\" data-element_type=\"container\" data-settings=\"{&quot;content_width&quot;:&quot;full&quot;,&quot;jet_parallax_layout_list&quot;:[],&quot;background_background&quot;:&quot;classic&quot;}\">\n\t\t\t\t<div class=\"elementor-element elementor-element-f41d3d5 elementor-widget elementor-widget-heading\" data-id=\"f41d3d5\" data-element_type=\"widget\" data-widget_type=\"heading.default\">\n\t\t\t\t<div class=\"elementor-widget-container\">\n\t\t\t<h2 class=\"elementor-heading-title elementor-size-default\">Vastuullinen logistiikka<\/h2>\t\t<\/div>\n\t\t\t\t<\/div>\n\t\t\t\t<div class=\"elementor-element elementor-element-ca1bce3 elementor-widget elementor-widget-text-editor\" data-id=\"ca1bce3\" data-element_type=\"widget\" data-widget_type=\"text-editor.default\">\n\t\t\t\t<div class=\"elementor-widget-container\">\n\t\t\t\t\t\t\t<p>Ymp\u00e4rist\u00f6vastuu on meille syd\u00e4men asia. Kehit\u00e4mme jatkuvasti sis\u00e4ist\u00e4 ohjelmistoamme, joka mahdollistaa kuljetusten ja reittien optimoinnin kustannustehokkaaksi samalla, kun se v\u00e4hent\u00e4\u00e4 merkitt\u00e4v\u00e4sti turhia ajoja ja p\u00e4\u00e4st\u00f6j\u00e4.<\/p>\t\t\t\t\t\t<\/div>\n\t\t\t\t<\/div>\n\t\t\t\t<\/div>\n\t\t\t\t\t<\/div>\n\t\t\t\t<\/div>\n\t\t\t\t\t\t\t<\/div>\n\t\t","protected":false},"excerpt":{"rendered":"<p>Tietoa meist\u00e4 Olemme Uudellamaalla toimiva logistiikka-alan ammattilaisista koostuva yritys, joka on toiminut vuodesta 2020 l\u00e4htien. Toimitusvarmuus Tied\u00e4mme, ett\u00e4 asiakkaamme luottavat meihin toimittamaan heid\u00e4n tuotteitaan ajallaan. Toimitusvarmuus on meille kunnia-asia, ja teemme kaikkemme varmistaaksemme, ett\u00e4 lupauksemme pit\u00e4v\u00e4t. T\u00e4m\u00e4 tarkoittaa tarkkaa suunnittelua, tehokasta tuotantoa ja huolellista logistiikkaa, jotta voimme t\u00e4ytt\u00e4\u00e4 sinun odotukset joka kerta. Asiakasl\u00e4ht\u00f6isyys Asiakkaamme ovat [&hellip;]<\/p>\n","protected":false},"author":3,"featured_media":0,"parent":0,"menu_order":0,"comment_status":"closed","ping_status":"closed","template":"","meta":{"footnotes":""},"_links":{"self":[{"href":"https:\/\/hemlogistic.uudetnettisivut.fi\/index.php?rest_route=\/wp\/v2\/pages\/989"}],"collection":[{"href":"https:\/\/hemlogistic.uudetnettisivut.fi\/index.php?rest_route=\/wp\/v2\/pages"}],"about":[{"href":"https:\/\/hemlogistic.uudetnettisivut.fi\/index.php?rest_route=\/wp\/v2\/types\/page"}],"author":[{"embeddable":true,"href":"https:\/\/hemlogistic.uudetnettisivut.fi\/index.php?rest_route=\/wp\/v2\/users\/3"}],"replies":[{"embeddable":true,"href":"https:\/\/hemlogistic.uudetnettisivut.fi\/index.php?rest_route=%2Fwp%2Fv2%2Fcomments&post=989"}],"version-history":[{"count":64,"href":"https:\/\/hemlogistic.uudetnettisivut.fi\/index.php?rest_route=\/wp\/v2\/pages\/989\/revisions"}],"predecessor-version":[{"id":1183,"href":"https:\/\/hemlogistic.uudetnettisivut.fi\/index.php?rest_route=\/wp\/v2\/pages\/989\/revisions\/1183"}],"wp:attachment":[{"href":"https:\/\/hemlogistic.uudetnettisivut.fi\/index.php?rest_route=%2Fwp%2Fv2%2Fmedia&parent=989"}],"curies":[{"name":"wp","href":"https:\/\/api.w.org\/{rel}","templated":true}]}}